{"id":514,"date":"2026-03-07T10:49:52","date_gmt":"2026-03-07T10:49:52","guid":{"rendered":"https:\/\/fundacioncastellnovo.org\/?page_id=514"},"modified":"2026-04-03T10:57:22","modified_gmt":"2026-04-03T10:57:22","slug":"que-hacemos","status":"publish","type":"page","link":"https:\/\/fundacioncastellnovo.org\/index.php\/que-hacemos\/","title":{"rendered":"Qu\u00e9 hacemos"},"content":{"rendered":"<div class=\"wpb-content-wrapper\"><p>[vc_row css_animation=\u00bb\u00bb row_type=\u00bbrow\u00bb use_row_as_full_screen_section=\u00bbno\u00bb type=\u00bbfull_width\u00bb angled_section=\u00bbno\u00bb text_align=\u00bbleft\u00bb background_image_as_pattern=\u00bbwithout_pattern\u00bb z_index=\u00bb\u00bb padding_bottom=\u00bb280&#8243; anchor=\u00bbLa Fundaci\u00f3n\u00bb background_image=\u00bb644&#8243; padding_top=\u00bb200&#8243;][vc_column][vc_row_inner row_type=\u00bbrow\u00bb type=\u00bbgrid\u00bb text_align=\u00bbleft\u00bb css_animation=\u00bb\u00bb][vc_column_inner][\/vc_column_inner][\/vc_row_inner][\/vc_column][\/vc_row][vc_row css_animation=\u00bb\u00bb row_type=\u00bbrow\u00bb use_row_as_full_screen_section=\u00bbno\u00bb type=\u00bbgrid\u00bb angled_section=\u00bbno\u00bb text_align=\u00bbleft\u00bb background_image_as_pattern=\u00bbwithout_pattern\u00bb z_index=\u00bb\u00bb padding_bottom=\u00bb120&#8243; anchor=\u00bbpromoci\u00f3n\u00bb padding_top=\u00bb90&#8243; css=\u00bb.vc_custom_1773768992720{margin-top: -200px !important;}\u00bb][vc_column width=\u00bb1\/6&#8243;][\/vc_column][vc_column width=\u00bb2\/3&#8243; css=\u00bb.vc_custom_1772878449452{border-top-width: 1px !important;border-right-width: 1px !important;border-bottom-width: 1px !important;border-left-width: 1px !important;background-color: #FFFFFF !important;border-left-style: outset !important;border-right-style: outset !important;border-top-style: outset !important;border-bottom-style: outset !important;border-color: #B63232 !important;}\u00bb][vc_column_text css=\u00bb.vc_custom_1775213837111{padding-top: 50px !important;padding-right: 50px !important;padding-bottom: 70px !important;padding-left: 50px !important;}\u00bb]<span style=\"color: #993366;\"><strong>La Fundaci\u00f3n Castellnovo<\/strong><\/span> considera que la familia es el \u00e1mbito natural donde los j\u00f3venes educan su car\u00e1cter y desarrollan sus potencialidades; por eso apoyamos las iniciativas sociales que las complementan y enriquecen, a trav\u00e9s del deporte, voluntariado, t\u00e9cnicas de estudio y ocio responsable.<\/p>\n<p>&nbsp;<\/p>\n<p>Una atenci\u00f3n especial merece la educaci\u00f3n universitaria, que debe\u00a0abarcar todos los \u00e1mbitos: cultura, innovaci\u00f3n, emprendimiento, voluntariado, sostenibilidad, empleabilidad, deporte\u2026 Apoyamos la creaci\u00f3n de espacios de estudio, conferencias, seminarios, voluntariado, clubs profesionales y deportivos.<\/p>\n<p>&nbsp;<\/p>\n<p><span style=\"color: #993366;\"><strong>La Fundaci\u00f3n Castellnovo<\/strong><\/span> promueve y facilita la capacitaci\u00f3n y formaci\u00f3n de padres interesados en la formaci\u00f3n de sus hijos a trav\u00e9s de cursos de formaci\u00f3n. Estos cursos se desarrollan en colaboraci\u00f3n con otras entidades con fines similares a los de la Fundaci\u00f3n.[\/vc_column_text][\/vc_column][vc_column width=\u00bb1\/6&#8243;][\/vc_column][\/vc_row][vc_row css_animation=\u00bb\u00bb row_type=\u00bbrow\u00bb use_row_as_full_screen_section=\u00bbno\u00bb type=\u00bbgrid\u00bb angled_section=\u00bbno\u00bb text_align=\u00bbleft\u00bb background_image_as_pattern=\u00bbwithout_pattern\u00bb z_index=\u00bb\u00bb anchor=\u00bbbeneficiarias\u00bb padding_top=\u00bb100&#8243;][vc_column]<div class=\"custom_font_holder \" style=\"font-family: merriweather; font-style: normal; font-weight: 200; color: #AF2929; text-decoration: none; text-align: center; --qode-cf-font-size: 65px; --qode-cf-line-height: 65px; --qode-cf-font-size-1440: 65px; --qode-cf-line-height-1440: 65px; --qode-cf-font-size-1366: 65px; --qode-cf-line-height-1366: 65px; --qode-cf-font-size-1280: 65px; --qode-cf-line-height-1280: 65px; --qode-cf-font-size-1024: 65px; --qode-cf-line-height-1024: 65px; --qode-cf-font-size-768: 65px; --qode-cf-line-height-768: 65px; --qode-cf-font-size-680: 65px; --qode-cf-line-height-680: 65px; --qode-cf-font-size-480: 65px; --qode-cf-line-height-480: 65px;\">Entidades Beneficiarias<\/div>[vc_empty_space][\/vc_column][\/vc_row][vc_row css_animation=\u00bb\u00bb row_type=\u00bbrow\u00bb use_row_as_full_screen_section=\u00bbno\u00bb type=\u00bbgrid\u00bb angled_section=\u00bbno\u00bb text_align=\u00bbleft\u00bb background_image_as_pattern=\u00bbwithout_pattern\u00bb z_index=\u00bb\u00bb padding_bottom=\u00bb50&#8243; anchor=\u00bbmision\u00bb][vc_column][vc_separator type=\u00bbnormal\u00bb color=\u00bb#AF2929&#8243; thickness=\u00bb1&#8243; up=\u00bb15&#8243; down=\u00bb35&#8243;]<div class=\"custom_font_holder \" style=\"font-family: merriweather; font-style: normal; font-weight: 200; color: #1E73BE; text-decoration: none; text-align: center; --qode-cf-font-size: 35px; --qode-cf-line-height: 50px; --qode-cf-font-size-1440: 35px; --qode-cf-line-height-1440: 50px; --qode-cf-font-size-1366: 35px; --qode-cf-line-height-1366: 50px; --qode-cf-font-size-1280: 35px; --qode-cf-line-height-1280: 50px; --qode-cf-font-size-1024: 35px; --qode-cf-line-height-1024: 50px; --qode-cf-font-size-768: 35px; --qode-cf-line-height-768: 50px; --qode-cf-font-size-680: 35px; --qode-cf-line-height-680: 50px; --qode-cf-font-size-480: 35px; --qode-cf-line-height-480: 50px;\">Universitarios<\/div>[vc_row_inner row_type=\u00bbrow\u00bb type=\u00bbgrid\u00bb text_align=\u00bbcenter\u00bb css_animation=\u00bb\u00bb padding_bottom=\u00bb25&#8243; padding_top=\u00bb25&#8243; background_color=\u00bb#00000000&#8243;][vc_column_inner width=\u00bb1\/3&#8243;][\/vc_column_inner][vc_column_inner width=\u00bb1\/3&#8243;][vc_single_image image=\u00bb580&#8243; img_size=\u00bb500&#215;400&#8243; css=\u00bb.vc_custom_1773850974681{margin-bottom: 45px !important;}\u00bb qode_css_animation=\u00bb\u00bb]<a  itemprop=\"url\" href=\"http:\/\/cmalameda.es\/\" target=\"_blank\" data-hover-background-color=\"#000000\" data-hover-color=\"#FFFFFF\" class=\"qbutton  center default\" style=\"color: #FFFFFF; margin: 0px 0px 45px 0px; border-radius: 35px;-moz-border-radius: 35px;-webkit-border-radius: 35px; background-color:#1E73BE;\">COLEGIO MAYOR LA ALAMEDA<\/a>[\/vc_column_inner][vc_column_inner width=\u00bb1\/3&#8243;][\/vc_column_inner][\/vc_row_inner][vc_separator type=\u00bbnormal\u00bb color=\u00bb#AF2929&#8243; thickness=\u00bb1&#8243; down=\u00bb35&#8243;]<div class=\"custom_font_holder \" style=\"font-family: merriweather; font-style: normal; font-weight: 200; color: #1E73BE; text-decoration: none; text-align: center; --qode-cf-font-size: 35px; --qode-cf-line-height: 50px; --qode-cf-font-size-1440: 35px; --qode-cf-line-height-1440: 50px; --qode-cf-font-size-1366: 35px; --qode-cf-line-height-1366: 50px; --qode-cf-font-size-1280: 35px; --qode-cf-line-height-1280: 50px; --qode-cf-font-size-1024: 35px; --qode-cf-line-height-1024: 50px; --qode-cf-font-size-768: 35px; --qode-cf-line-height-768: 50px; --qode-cf-font-size-680: 35px; --qode-cf-line-height-680: 50px; --qode-cf-font-size-480: 35px; --qode-cf-line-height-480: 50px;\">J\u00f3venes y Familias<\/div>[vc_row_inner row_type=\u00bbrow\u00bb type=\u00bbgrid\u00bb text_align=\u00bbcenter\u00bb css_animation=\u00bb\u00bb padding_bottom=\u00bb50&#8243; padding_top=\u00bb25&#8243;][vc_column_inner width=\u00bb1\/3&#8243;][vc_single_image image=\u00bb19&#8243; img_size=\u00bb500&#215;400&#8243; css=\u00bb.vc_custom_1773850961401{margin-bottom: 45px !important;}\u00bb qode_css_animation=\u00bb\u00bb]<a  itemprop=\"url\" href=\"https:\/\/www.clubcollvert.com\/\" target=\"_blank\" data-hover-background-color=\"#000000\" data-hover-color=\"#FFFFFF\" class=\"qbutton  center default\" style=\"color: #FFFFFF; margin: 0px 0px 45px 0px; border-radius: 35px;-moz-border-radius: 35px;-webkit-border-radius: 35px; background-color:#1E73BE;\">CLUB JUVENIL COLLVERT<\/a>[\/vc_column_inner][vc_column_inner width=\u00bb1\/3&#8243;][vc_single_image image=\u00bb584&#8243; img_size=\u00bb500&#215;400&#8243; css=\u00bb.vc_custom_1773850948279{margin-bottom: 45px !important;}\u00bb qode_css_animation=\u00bb\u00bb]<a  itemprop=\"url\" href=\"https:\/\/clubalfabia.es\/\" target=\"_blank\" data-hover-background-color=\"#000000\" data-hover-color=\"#FFFFFF\" class=\"qbutton  center default\" style=\"color: #FFFFFF; margin: 0px 0px 45px 0px; border-radius: 35px;-moz-border-radius: 35px;-webkit-border-radius: 35px; background-color:#1E73BE;\">CLUB JUVENIL ALFABIA<\/a>[\/vc_column_inner][vc_column_inner width=\u00bb1\/3&#8243;][vc_single_image image=\u00bb592&#8243; img_size=\u00bb500&#215;400&#8243; css=\u00bb.vc_custom_1773851175311{margin-bottom: 45px !important;}\u00bb qode_css_animation=\u00bb\u00bb]<a  itemprop=\"url\" href=\"https:\/\/escora.es\/\" target=\"_blank\" data-hover-background-color=\"#000000\" data-hover-color=\"#FFFFFF\" class=\"qbutton  center default\" style=\"color: #FFFFFF; margin: 0px 0px 45px 0px; border-radius: 35px;-moz-border-radius: 35px;-webkit-border-radius: 35px; background-color:#1E73BE;\">ASOCIACI\u00d3N JUVENIL ESCORA<\/a>[\/vc_column_inner][\/vc_row_inner][vc_separator type=\u00bbnormal\u00bb color=\u00bb#AF2929&#8243; thickness=\u00bb1&#8243; down=\u00bb35&#8243;]<div class=\"custom_font_holder \" style=\"font-family: merriweather; font-style: normal; font-weight: 200; color: #1E73BE; text-decoration: none; text-align: left; --qode-cf-font-size: 35px; --qode-cf-line-height: 50px; --qode-cf-font-size-1440: 35px; --qode-cf-line-height-1440: 50px; --qode-cf-font-size-1366: 35px; --qode-cf-line-height-1366: 50px; --qode-cf-font-size-1280: 35px; --qode-cf-line-height-1280: 50px; --qode-cf-font-size-1024: 35px; --qode-cf-line-height-1024: 50px; --qode-cf-font-size-768: 35px; --qode-cf-line-height-768: 50px; --qode-cf-font-size-680: 35px; --qode-cf-line-height-680: 50px; --qode-cf-font-size-480: 35px; --qode-cf-line-height-480: 50px;\">Otras entidades<\/div>[vc_row_inner row_type=\u00bbrow\u00bb type=\u00bbgrid\u00bb text_align=\u00bbcenter\u00bb css_animation=\u00bb\u00bb padding_bottom=\u00bb50&#8243; padding_top=\u00bb25&#8243;][vc_column_inner width=\u00bb1\/3&#8243;][vc_single_image image=\u00bb586&#8243; img_size=\u00bb500&#215;400&#8243; css=\u00bb.vc_custom_1773851206957{margin-bottom: 45px !important;}\u00bb qode_css_animation=\u00bb\u00bb]<a  itemprop=\"url\" href=\"#\" target=\"_self\" data-hover-background-color=\"#000000\" data-hover-color=\"#FFFFFF\" class=\"qbutton  center default\" style=\"color: #FFFFFF; margin: 0px 0px 45px 0px; border-radius: 35px;-moz-border-radius: 35px;-webkit-border-radius: 35px; background-color:#1E73BE;\">ASOCIACI\u00d3N AYAS<\/a>[\/vc_column_inner][vc_column_inner width=\u00bb1\/3&#8243;][vc_single_image image=\u00bb639&#8243; img_size=\u00bb500&#215;400&#8243; css=\u00bb.vc_custom_1773851218026{margin-bottom: 45px !important;}\u00bb qode_css_animation=\u00bb\u00bb]<a  itemprop=\"url\" href=\"https:\/\/www.fundacioncoso.org\/\" target=\"_blank\" data-hover-background-color=\"#000000\" data-hover-color=\"#FFFFFF\" class=\"qbutton  center default\" style=\"color: #FFFFFF; margin: 0px 0px 45px 0px; border-radius: 35px;-moz-border-radius: 35px;-webkit-border-radius: 35px; background-color:#1E73BE;\">FUNDACI\u00d3N COSO<\/a>[\/vc_column_inner][vc_column_inner width=\u00bb1\/3&#8243;][\/vc_column_inner][\/vc_row_inner][\/vc_column][\/vc_row]<\/p>\n<\/div>","protected":false},"excerpt":{"rendered":"<p>[vc_row css_animation=\u00bb\u00bb row_type=\u00bbrow\u00bb use_row_as_full_screen_section=\u00bbno\u00bb type=\u00bbfull_width\u00bb angled_section=\u00bbno\u00bb text_align=\u00bbleft\u00bb background_image_as_pattern=\u00bbwithout_pattern\u00bb z_index=\u00bb\u00bb padding_bottom=\u00bb280&#8243; anchor=\u00bbLa Fundaci\u00f3n\u00bb background_image=\u00bb644&#8243; padding_top=\u00bb200&#8243;][vc_column][vc_row_inner row_type=\u00bbrow\u00bb type=\u00bbgrid\u00bb text_align=\u00bbleft\u00bb css_animation=\u00bb\u00bb][vc_column_inner][\/vc_column_inner][\/vc_row_inner][\/vc_column][\/vc_row][vc_row css_animation=\u00bb\u00bb row_type=\u00bbrow\u00bb use_row_as_full_screen_section=\u00bbno\u00bb type=\u00bbgrid\u00bb angled_section=\u00bbno\u00bb text_align=\u00bbleft\u00bb background_image_as_pattern=\u00bbwithout_pattern\u00bb z_index=\u00bb\u00bb padding_bottom=\u00bb120&#8243; anchor=\u00bbpromoci\u00f3n\u00bb padding_top=\u00bb90&#8243; css=\u00bb.vc_custom_1773768992720{margin-top: -200px !important;}\u00bb][vc_column width=\u00bb1\/6&#8243;][\/vc_column][vc_column width=\u00bb2\/3&#8243; css=\u00bb.vc_custom_1772878449452{border-top-width: 1px !important;border-right-width: 1px !important;border-bottom-width: 1px !important;border-left-width: 1px !important;background-color: #FFFFFF !important;border-left-style:&#8230;<\/p>\n","protected":false},"author":1,"featured_media":0,"parent":0,"menu_order":0,"comment_status":"closed","ping_status":"closed","template":"full_width.php","meta":{"footnotes":""},"class_list":["post-514","page","type-page","status-publish","hentry"],"yoast_head":"<!-- This site is optimized with the Yoast SEO plugin v27.2 - https:\/\/yoast.com\/product\/yoast-seo-wordpress\/ -->\n<title>Qu\u00e9 hacemos - Castellnovo<\/title>\n<meta name=\"robots\" content=\"index, follow, max-snippet:-1, max-image-preview:large, max-video-preview:-1\" \/>\n<link rel=\"canonical\" href=\"https:\/\/fundacioncastellnovo.org\/index.php\/que-hacemos\/\" \/>\n<meta property=\"og:locale\" content=\"es_ES\" \/>\n<meta property=\"og:type\" content=\"article\" \/>\n<meta property=\"og:title\" content=\"Qu\u00e9 hacemos - Castellnovo\" \/>\n<meta property=\"og:description\" content=\"[vc_row css_animation=\u00bb\u00bb row_type=\u00bbrow\u00bb use_row_as_full_screen_section=\u00bbno\u00bb type=\u00bbfull_width\u00bb angled_section=\u00bbno\u00bb text_align=\u00bbleft\u00bb background_image_as_pattern=\u00bbwithout_pattern\u00bb z_index=\u00bb\u00bb padding_bottom=\u00bb280&#8243; anchor=\u00bbLa Fundaci\u00f3n\u00bb background_image=\u00bb644&#8243; padding_top=\u00bb200&#8243;][vc_column][vc_row_inner row_type=\u00bbrow\u00bb type=\u00bbgrid\u00bb text_align=\u00bbleft\u00bb css_animation=\u00bb\u00bb][vc_column_inner][\/vc_column_inner][\/vc_row_inner][\/vc_column][\/vc_row][vc_row css_animation=\u00bb\u00bb row_type=\u00bbrow\u00bb use_row_as_full_screen_section=\u00bbno\u00bb type=\u00bbgrid\u00bb angled_section=\u00bbno\u00bb text_align=\u00bbleft\u00bb background_image_as_pattern=\u00bbwithout_pattern\u00bb z_index=\u00bb\u00bb padding_bottom=\u00bb120&#8243; anchor=\u00bbpromoci\u00f3n\u00bb padding_top=\u00bb90&#8243; css=\u00bb.vc_custom_1773768992720{margin-top: -200px !important;}\u00bb][vc_column width=\u00bb1\/6&#8243;][\/vc_column][vc_column width=\u00bb2\/3&#8243; css=\u00bb.vc_custom_1772878449452{border-top-width: 1px !important;border-right-width: 1px !important;border-bottom-width: 1px !important;border-left-width: 1px !important;background-color: #FFFFFF !important;border-left-style:...\" \/>\n<meta property=\"og:url\" content=\"https:\/\/fundacioncastellnovo.org\/index.php\/que-hacemos\/\" \/>\n<meta property=\"og:site_name\" content=\"Castellnovo\" \/>\n<meta property=\"article:modified_time\" content=\"2026-04-03T10:57:22+00:00\" \/>\n<meta name=\"twitter:card\" content=\"summary_large_image\" \/>\n<meta name=\"twitter:label1\" content=\"Tiempo de lectura\" \/>\n\t<meta name=\"twitter:data1\" content=\"4 minutos\" \/>\n<script type=\"application\/ld+json\" class=\"yoast-schema-graph\">{\"@context\":\"https:\/\/schema.org\",\"@graph\":[{\"@type\":\"WebPage\",\"@id\":\"https:\/\/fundacioncastellnovo.org\/index.php\/que-hacemos\/\",\"url\":\"https:\/\/fundacioncastellnovo.org\/index.php\/que-hacemos\/\",\"name\":\"Qu\u00e9 hacemos - Castellnovo\",\"isPartOf\":{\"@id\":\"https:\/\/fundacioncastellnovo.org\/#website\"},\"datePublished\":\"2026-03-07T10:49:52+00:00\",\"dateModified\":\"2026-04-03T10:57:22+00:00\",\"breadcrumb\":{\"@id\":\"https:\/\/fundacioncastellnovo.org\/index.php\/que-hacemos\/#breadcrumb\"},\"inLanguage\":\"es\",\"potentialAction\":[{\"@type\":\"ReadAction\",\"target\":[\"https:\/\/fundacioncastellnovo.org\/index.php\/que-hacemos\/\"]}]},{\"@type\":\"BreadcrumbList\",\"@id\":\"https:\/\/fundacioncastellnovo.org\/index.php\/que-hacemos\/#breadcrumb\",\"itemListElement\":[{\"@type\":\"ListItem\",\"position\":1,\"name\":\"Portada\",\"item\":\"https:\/\/fundacioncastellnovo.org\/\"},{\"@type\":\"ListItem\",\"position\":2,\"name\":\"Qu\u00e9 hacemos\"}]},{\"@type\":\"WebSite\",\"@id\":\"https:\/\/fundacioncastellnovo.org\/#website\",\"url\":\"https:\/\/fundacioncastellnovo.org\/\",\"name\":\"Castellnovo\",\"description\":\"\",\"potentialAction\":[{\"@type\":\"SearchAction\",\"target\":{\"@type\":\"EntryPoint\",\"urlTemplate\":\"https:\/\/fundacioncastellnovo.org\/?s={search_term_string}\"},\"query-input\":{\"@type\":\"PropertyValueSpecification\",\"valueRequired\":true,\"valueName\":\"search_term_string\"}}],\"inLanguage\":\"es\"}]}<\/script>\n<!-- \/ Yoast SEO plugin. -->","yoast_head_json":{"title":"Qu\u00e9 hacemos - Castellnovo","robots":{"index":"index","follow":"follow","max-snippet":"max-snippet:-1","max-image-preview":"max-image-preview:large","max-video-preview":"max-video-preview:-1"},"canonical":"https:\/\/fundacioncastellnovo.org\/index.php\/que-hacemos\/","og_locale":"es_ES","og_type":"article","og_title":"Qu\u00e9 hacemos - Castellnovo","og_description":"[vc_row css_animation=\u00bb\u00bb row_type=\u00bbrow\u00bb use_row_as_full_screen_section=\u00bbno\u00bb type=\u00bbfull_width\u00bb angled_section=\u00bbno\u00bb text_align=\u00bbleft\u00bb background_image_as_pattern=\u00bbwithout_pattern\u00bb z_index=\u00bb\u00bb padding_bottom=\u00bb280&#8243; anchor=\u00bbLa Fundaci\u00f3n\u00bb background_image=\u00bb644&#8243; padding_top=\u00bb200&#8243;][vc_column][vc_row_inner row_type=\u00bbrow\u00bb type=\u00bbgrid\u00bb text_align=\u00bbleft\u00bb css_animation=\u00bb\u00bb][vc_column_inner][\/vc_column_inner][\/vc_row_inner][\/vc_column][\/vc_row][vc_row css_animation=\u00bb\u00bb row_type=\u00bbrow\u00bb use_row_as_full_screen_section=\u00bbno\u00bb type=\u00bbgrid\u00bb angled_section=\u00bbno\u00bb text_align=\u00bbleft\u00bb background_image_as_pattern=\u00bbwithout_pattern\u00bb z_index=\u00bb\u00bb padding_bottom=\u00bb120&#8243; anchor=\u00bbpromoci\u00f3n\u00bb padding_top=\u00bb90&#8243; css=\u00bb.vc_custom_1773768992720{margin-top: -200px !important;}\u00bb][vc_column width=\u00bb1\/6&#8243;][\/vc_column][vc_column width=\u00bb2\/3&#8243; css=\u00bb.vc_custom_1772878449452{border-top-width: 1px !important;border-right-width: 1px !important;border-bottom-width: 1px !important;border-left-width: 1px !important;background-color: #FFFFFF !important;border-left-style:...","og_url":"https:\/\/fundacioncastellnovo.org\/index.php\/que-hacemos\/","og_site_name":"Castellnovo","article_modified_time":"2026-04-03T10:57:22+00:00","twitter_card":"summary_large_image","twitter_misc":{"Tiempo de lectura":"4 minutos"},"schema":{"@context":"https:\/\/schema.org","@graph":[{"@type":"WebPage","@id":"https:\/\/fundacioncastellnovo.org\/index.php\/que-hacemos\/","url":"https:\/\/fundacioncastellnovo.org\/index.php\/que-hacemos\/","name":"Qu\u00e9 hacemos - Castellnovo","isPartOf":{"@id":"https:\/\/fundacioncastellnovo.org\/#website"},"datePublished":"2026-03-07T10:49:52+00:00","dateModified":"2026-04-03T10:57:22+00:00","breadcrumb":{"@id":"https:\/\/fundacioncastellnovo.org\/index.php\/que-hacemos\/#breadcrumb"},"inLanguage":"es","potentialAction":[{"@type":"ReadAction","target":["https:\/\/fundacioncastellnovo.org\/index.php\/que-hacemos\/"]}]},{"@type":"BreadcrumbList","@id":"https:\/\/fundacioncastellnovo.org\/index.php\/que-hacemos\/#breadcrumb","itemListElement":[{"@type":"ListItem","position":1,"name":"Portada","item":"https:\/\/fundacioncastellnovo.org\/"},{"@type":"ListItem","position":2,"name":"Qu\u00e9 hacemos"}]},{"@type":"WebSite","@id":"https:\/\/fundacioncastellnovo.org\/#website","url":"https:\/\/fundacioncastellnovo.org\/","name":"Castellnovo","description":"","potentialAction":[{"@type":"SearchAction","target":{"@type":"EntryPoint","urlTemplate":"https:\/\/fundacioncastellnovo.org\/?s={search_term_string}"},"query-input":{"@type":"PropertyValueSpecification","valueRequired":true,"valueName":"search_term_string"}}],"inLanguage":"es"}]}},"_links":{"self":[{"href":"https:\/\/fundacioncastellnovo.org\/index.php\/wp-json\/wp\/v2\/pages\/514","targetHints":{"allow":["GET"]}}],"collection":[{"href":"https:\/\/fundacioncastellnovo.org\/index.php\/wp-json\/wp\/v2\/pages"}],"about":[{"href":"https:\/\/fundacioncastellnovo.org\/index.php\/wp-json\/wp\/v2\/types\/page"}],"author":[{"embeddable":true,"href":"https:\/\/fundacioncastellnovo.org\/index.php\/wp-json\/wp\/v2\/users\/1"}],"replies":[{"embeddable":true,"href":"https:\/\/fundacioncastellnovo.org\/index.php\/wp-json\/wp\/v2\/comments?post=514"}],"version-history":[{"count":25,"href":"https:\/\/fundacioncastellnovo.org\/index.php\/wp-json\/wp\/v2\/pages\/514\/revisions"}],"predecessor-version":[{"id":882,"href":"https:\/\/fundacioncastellnovo.org\/index.php\/wp-json\/wp\/v2\/pages\/514\/revisions\/882"}],"wp:attachment":[{"href":"https:\/\/fundacioncastellnovo.org\/index.php\/wp-json\/wp\/v2\/media?parent=514"}],"curies":[{"name":"wp","href":"https:\/\/api.w.org\/{rel}","templated":true}]}}